{"id":10,"date":"2020-05-13T13:35:54","date_gmt":"2020-05-13T13:35:54","guid":{"rendered":"https:\/\/dulcesnanas.com\/2020\/?page_id=10"},"modified":"2024-11-21T19:53:30","modified_gmt":"2024-11-21T22:53:30","slug":"escuela-de-nineras","status":"publish","type":"page","link":"https:\/\/dulcesnanas.com\/es\/escuela-de-nineras\/","title":{"rendered":"Escuela de ni\u00f1eras"},"content":{"rendered":"<p><\/p>\n<p><span style=\"font-weight: 500;\">Somos la Primera Escuela de Formaci\u00f3n Profesional para Ni\u00f1eras.<br \/>\n<\/span><span style=\"font-weight: 500;\">Ponemos a disposici\u00f3n todos nuestros conocimientos en diversas pedagog\u00edas para ayudarte a ponerlos en pr\u00e1ctica en el ambiente adecuado, creado y preparado por vos, usando los materiales que vos misma puedas armar con lo que se encuentra a disposici\u00f3n, ayudando a lograr en cada hogar un tipo de educaci\u00f3n basada en el respeto por los tiempos y las necesidades de cada ni\u00f1o\/a, donde se promueva el movimiento libre y la actividad aut\u00f3noma, tan importantes para el desarrollo del ni\u00f1o\/a.<\/span><\/p>\n<p><\/p>","protected":false},"excerpt":{"rendered":"<p>Somos la Primera Escuela de Formaci\u00f3n Profesional para Ni\u00f1eras. Ponemos a disposici\u00f3n todos nuestros conocimientos en diversas pedagog\u00edas para ayudarte a ponerlos en pr\u00e1ctica en el ambiente adecuado, creado y preparado por vos, usando los materiales que vos misma puedas armar con lo que se encuentra a disposici\u00f3n, ayudando a lograr en cada hogar un &hellip; <a href=\"https:\/\/dulcesnanas.com\/es\/escuela-de-nineras\/\" class=\"more-link\">Continuar leyendo<span class=\"screen-reader-text\"> \u00abEscuela de ni\u00f1eras\u00bb<\/span><\/a><\/p>\n","protected":false},"author":1,"featured_media":0,"parent":0,"menu_order":0,"comment_status":"closed","ping_status":"closed","template":"","meta":{"_acf_changed":false,"footnotes":""},"class_list":["post-10","page","type-page","status-publish","hentry"],"acf":[],"_links":{"self":[{"href":"https:\/\/dulcesnanas.com\/es\/wp-json\/wp\/v2\/pages\/10","targetHints":{"allow":["GET"]}}],"collection":[{"href":"https:\/\/dulcesnanas.com\/es\/wp-json\/wp\/v2\/pages"}],"about":[{"href":"https:\/\/dulcesnanas.com\/es\/wp-json\/wp\/v2\/types\/page"}],"author":[{"embeddable":true,"href":"https:\/\/dulcesnanas.com\/es\/wp-json\/wp\/v2\/users\/1"}],"replies":[{"embeddable":true,"href":"https:\/\/dulcesnanas.com\/es\/wp-json\/wp\/v2\/comments?post=10"}],"version-history":[{"count":16,"href":"https:\/\/dulcesnanas.com\/es\/wp-json\/wp\/v2\/pages\/10\/revisions"}],"predecessor-version":[{"id":587,"href":"https:\/\/dulcesnanas.com\/es\/wp-json\/wp\/v2\/pages\/10\/revisions\/587"}],"wp:attachment":[{"href":"https:\/\/dulcesnanas.com\/es\/wp-json\/wp\/v2\/media?parent=10"}],"curies":[{"name":"wp","href":"https:\/\/api.w.org\/{rel}","templated":true}]}}