{"id":6,"date":"2020-05-13T13:35:38","date_gmt":"2020-05-13T13:35:38","guid":{"rendered":"https:\/\/dulcesnanas.com\/2020\/?page_id=6"},"modified":"2026-03-17T16:51:45","modified_gmt":"2026-03-17T19:51:45","slug":"quienes-somos","status":"publish","type":"page","link":"https:\/\/dulcesnanas.com\/es\/quienes-somos\/","title":{"rendered":"Qui\u00e9nes somos"},"content":{"rendered":"<p><\/p>\n<p>Somos un equipo de profesionales especializadas en <strong>ma-paternidad y crianza<\/strong>, poniendo a disposici\u00f3n todo nuestro saber para asesorar a cada familia que llega en b\u00fasqueda de un acompa\u00f1amiento consciente y respetuoso.<\/p>\n<p>Desde hace <strong>m\u00e1s de 16 a\u00f1os<\/strong> que acompa\u00f1amos a las familias durante los primeros a\u00f1os de vida de sus hijos\/as; ofreci\u00e9ndoles cuidados de calidad, basados en el respeto por el ritmo individual y las necesidades de cada uno\/a.<\/p>\n<p>Nuestra misi\u00f3n es ayudar a familias alrededor del mundo a encontrar la mejor opci\u00f3n de servicios de cuidado conect\u00e1ndolas con ni\u00f1eras altamente entrenadas que se distinguen por su calidez, discreci\u00f3n y excelencia.<\/p>\n<p><\/p>","protected":false},"excerpt":{"rendered":"<p>Somos un equipo de profesionales especializadas en ma-paternidad y crianza, poniendo a disposici\u00f3n todo nuestro saber para asesorar a cada familia que llega en b\u00fasqueda de un acompa\u00f1amiento consciente y respetuoso. Desde hace m\u00e1s de 16 a\u00f1os que acompa\u00f1amos a las familias durante los primeros a\u00f1os de vida de sus hijos\/as; ofreci\u00e9ndoles cuidados de calidad, &hellip; <a href=\"https:\/\/dulcesnanas.com\/es\/quienes-somos\/\" class=\"more-link\">Continuar leyendo<span class=\"screen-reader-text\"> \u00abQui\u00e9nes somos\u00bb<\/span><\/a><\/p>\n","protected":false},"author":1,"featured_media":0,"parent":0,"menu_order":0,"comment_status":"closed","ping_status":"closed","template":"","meta":{"_acf_changed":false,"footnotes":""},"class_list":["post-6","page","type-page","status-publish","hentry"],"acf":[],"_links":{"self":[{"href":"https:\/\/dulcesnanas.com\/es\/wp-json\/wp\/v2\/pages\/6","targetHints":{"allow":["GET"]}}],"collection":[{"href":"https:\/\/dulcesnanas.com\/es\/wp-json\/wp\/v2\/pages"}],"about":[{"href":"https:\/\/dulcesnanas.com\/es\/wp-json\/wp\/v2\/types\/page"}],"author":[{"embeddable":true,"href":"https:\/\/dulcesnanas.com\/es\/wp-json\/wp\/v2\/users\/1"}],"replies":[{"embeddable":true,"href":"https:\/\/dulcesnanas.com\/es\/wp-json\/wp\/v2\/comments?post=6"}],"version-history":[{"count":80,"href":"https:\/\/dulcesnanas.com\/es\/wp-json\/wp\/v2\/pages\/6\/revisions"}],"predecessor-version":[{"id":637,"href":"https:\/\/dulcesnanas.com\/es\/wp-json\/wp\/v2\/pages\/6\/revisions\/637"}],"wp:attachment":[{"href":"https:\/\/dulcesnanas.com\/es\/wp-json\/wp\/v2\/media?parent=6"}],"curies":[{"name":"wp","href":"https:\/\/api.w.org\/{rel}","templated":true}]}}